{"id":1106,"date":"2021-05-25T03:37:20","date_gmt":"2021-05-25T03:37:20","guid":{"rendered":"https:\/\/carfamsas.com\/?page_id=1106"},"modified":"2021-05-25T20:53:27","modified_gmt":"2021-05-25T20:53:27","slug":"elementor-1106","status":"publish","type":"page","link":"https:\/\/carfamsas.com\/index.php\/elementor-1106\/","title":{"rendered":"Consulta externa"},"content":{"rendered":"\t\t<div data-elementor-type=\"wp-page\" data-elementor-id=\"1106\" class=\"elementor elementor-1106\" data-elementor-settings=\"[]\">\n\t\t\t\t\t\t\t<div class=\"elementor-section-wrap\">\n\t\t\t\t\t\t\t<section class=\"elementor-section elementor-top-section elementor-element elementor-element-4f2ab5c9 elementor-section-boxed elementor-section-height-default elementor-section-height-default\" data-id=\"4f2ab5c9\" data-element_type=\"section\" data-settings=\"{&quot;background_background&quot;:&quot;classic&quot;}\">\n\t\t\t\t\t\t\t<div class=\"elementor-background-overlay\"><\/div>\n\t\t\t\t\t\t\t<div class=\"elementor-container elementor-column-gap-no\">\n\t\t\t\t\t<div class=\"elementor-column elementor-col-100 elementor-top-column elementor-element elementor-element-2d1ba9\" data-id=\"2d1ba9\" data-element_type=\"column\">\n\t\t\t<div class=\"elementor-widget-wrap elementor-element-populated\">\n\t\t\t\t\t\t\t\t<div class=\"elementor-element elementor-element-443840ee elementor-widget elementor-widget-heading\" data-id=\"443840ee\" data-element_type=\"widget\" data-widget_type=\"heading.default\">\n\t\t\t\t<div class=\"elementor-widget-container\">\n\t\t\t<h2 class=\"elementor-heading-title elementor-size-default\">Nuestros Servicios<\/h2>\t\t<\/div>\n\t\t\t\t<\/div>\n\t\t\t\t<div class=\"elementor-element elementor-element-a92c14b elementor-widget elementor-widget-text-editor\" data-id=\"a92c14b\" data-element_type=\"widget\" data-widget_type=\"text-editor.default\">\n\t\t\t\t<div class=\"elementor-widget-container\">\n\t\t\t\t\t\t\t\t<p>CARFAM S.A.S ATENCI\u00d3N PROFESIONAL HUMANIZADA<\/p>\t\t\t\t\t\t<\/div>\n\t\t\t\t<\/div>\n\t\t\t\t\t<\/div>\n\t\t<\/div>\n\t\t\t\t\t\t\t<\/div>\n\t\t<\/section>\n\t\t\t\t<section class=\"elementor-section elementor-top-section elementor-element elementor-element-658d446 elementor-section-boxed elementor-section-height-default elementor-section-height-default\" data-id=\"658d446\" data-element_type=\"section\">\n\t\t\t\t\t\t<div class=\"elementor-container elementor-column-gap-default\">\n\t\t\t\t\t<div class=\"elementor-column elementor-col-100 elementor-top-column elementor-element elementor-element-01f8931\" data-id=\"01f8931\" data-element_type=\"column\">\n\t\t\t<div class=\"elementor-widget-wrap elementor-element-populated\">\n\t\t\t\t\t\t\t\t<div class=\"elementor-element elementor-element-9986f1f elementor-widget elementor-widget-spacer\" data-id=\"9986f1f\" data-element_type=\"widget\" data-widget_type=\"spacer.default\">\n\t\t\t\t<div class=\"elementor-widget-container\">\n\t\t\t\t\t<div class=\"elementor-spacer\">\n\t\t\t<div class=\"elementor-spacer-inner\"><\/div>\n\t\t<\/div>\n\t\t\t\t<\/div>\n\t\t\t\t<\/div>\n\t\t\t\t\t<\/div>\n\t\t<\/div>\n\t\t\t\t\t\t\t<\/div>\n\t\t<\/section>\n\t\t\t\t<section class=\"elementor-section elementor-top-section elementor-element elementor-element-8b5fc02 elementor-section-boxed elementor-section-height-default elementor-section-height-default\" data-id=\"8b5fc02\" data-element_type=\"section\">\n\t\t\t\t\t\t<div class=\"elementor-container elementor-column-gap-default\">\n\t\t\t\t\t<div class=\"elementor-column elementor-col-100 elementor-top-column elementor-element elementor-element-1455de0\" data-id=\"1455de0\" data-element_type=\"column\">\n\t\t\t<div class=\"elementor-widget-wrap elementor-element-populated\">\n\t\t\t\t\t\t\t\t<div class=\"elementor-element elementor-element-e51608f elementor-widget elementor-widget-heading\" data-id=\"e51608f\" data-element_type=\"widget\" data-widget_type=\"heading.default\">\n\t\t\t\t<div class=\"elementor-widget-container\">\n\t\t\t<h1 class=\"elementor-heading-title elementor-size-xl\">Consulta Externa<\/h1>\t\t<\/div>\n\t\t\t\t<\/div>\n\t\t\t\t<div class=\"elementor-element elementor-element-c14105e elementor-widget elementor-widget-text-editor\" data-id=\"c14105e\" data-element_type=\"widget\" data-widget_type=\"text-editor.default\">\n\t\t\t\t<div class=\"elementor-widget-container\">\n\t\t\t\t\t\t\t\t<p style=\"text-align: center;\">Es el servicio que congrega la atenci\u00f3n ambulatoria de todas las especialidades ofertadas, para formular diagn\u00f3sticos y\/o tratamientos. Contamos con una infraestructura calificada, dotada de c\u00f3modas instalaciones y consultorios debidamente equipados para prestar consulta en las especialidades cl\u00ednicas referenciadas y garantizar al usuario una atenci\u00f3n integral en salud, con oportunidad, eficiencia y calidad.<\/p><p style=\"text-align: center;\">El Servicio de Consulta Externa ofrece atenci\u00f3n a pacientes ambulatorios en los siguientes Servicios:<\/p><p>.<\/p>\t\t\t\t\t\t<\/div>\n\t\t\t\t<\/div>\n\t\t\t\t\t<\/div>\n\t\t<\/div>\n\t\t\t\t\t\t\t<\/div>\n\t\t<\/section>\n\t\t\t\t<section class=\"elementor-section elementor-top-section elementor-element elementor-element-5be964ea elementor-section-content-middle elementor-reverse-tablet elementor-section-boxed elementor-section-height-default elementor-section-height-default\" data-id=\"5be964ea\" data-element_type=\"section\" data-settings=\"{&quot;background_background&quot;:&quot;classic&quot;}\">\n\t\t\t\t\t\t<div class=\"elementor-container elementor-column-gap-default\">\n\t\t\t\t\t<div class=\"elementor-column elementor-col-50 elementor-top-column elementor-element elementor-element-617697c5 elementor-hidden-phone\" data-id=\"617697c5\" data-element_type=\"column\">\n\t\t\t<div class=\"elementor-widget-wrap elementor-element-populated\">\n\t\t\t\t\t\t\t\t<div class=\"elementor-element elementor-element-39f0f22 elementor-widget elementor-widget-image\" data-id=\"39f0f22\" data-element_type=\"widget\" data-widget_type=\"image.default\">\n\t\t\t\t<div class=\"elementor-widget-container\">\n\t\t\t\t\t\t\t\t\t\t\t\t\t\t\t<img width=\"1295\" height=\"1284\" src=\"https:\/\/carfamsas.com\/wp-content\/uploads\/2021\/05\/ambulatoria-general.png\" class=\"attachment-full size-full\" alt=\"\" loading=\"lazy\" srcset=\"https:\/\/carfamsas.com\/wp-content\/uploads\/2021\/05\/ambulatoria-general.png 1295w, https:\/\/carfamsas.com\/wp-content\/uploads\/2021\/05\/ambulatoria-general-300x297.png 300w, https:\/\/carfamsas.com\/wp-content\/uploads\/2021\/05\/ambulatoria-general-1024x1015.png 1024w, https:\/\/carfamsas.com\/wp-content\/uploads\/2021\/05\/ambulatoria-general-150x150.png 150w, https:\/\/carfamsas.com\/wp-content\/uploads\/2021\/05\/ambulatoria-general-768x761.png 768w\" sizes=\"(max-width: 1295px) 100vw, 1295px\" style=\"width:100%;height:99.15%;max-width:1295px;\" \/>\t\t\t\t\t\t\t\t\t\t\t\t\t\t\t<\/div>\n\t\t\t\t<\/div>\n\t\t\t\t\t<\/div>\n\t\t<\/div>\n\t\t\t\t<div class=\"elementor-column elementor-col-50 elementor-top-column elementor-element elementor-element-3dd2640f\" data-id=\"3dd2640f\" data-element_type=\"column\">\n\t\t\t<div class=\"elementor-widget-wrap elementor-element-populated\">\n\t\t\t\t\t\t\t\t<div class=\"elementor-element elementor-element-7be6a7e9 elementor-widget elementor-widget-heading\" data-id=\"7be6a7e9\" data-element_type=\"widget\" data-widget_type=\"heading.default\">\n\t\t\t\t<div class=\"elementor-widget-container\">\n\t\t\t<h2 class=\"elementor-heading-title elementor-size-default\">Consulta Ambulatoria Especializada<\/h2>\t\t<\/div>\n\t\t\t\t<\/div>\n\t\t\t\t<div class=\"elementor-element elementor-element-3cea0102 elementor-widget elementor-widget-text-editor\" data-id=\"3cea0102\" data-element_type=\"widget\" data-widget_type=\"text-editor.default\">\n\t\t\t\t<div class=\"elementor-widget-container\">\n\t\t\t\t\t\t\t\t<ul><li>Cardiolog\u00eda Adultos.<\/li><li>Cardiolog\u00eda Pedi\u00e1trica<\/li><li>Medicina interna.<\/li><li>Ginecolog\u00eda.<\/li><li>Pediatr\u00eda.<\/li><\/ul>\t\t\t\t\t\t<\/div>\n\t\t\t\t<\/div>\n\t\t\t\t\t<\/div>\n\t\t<\/div>\n\t\t\t\t\t\t\t<\/div>\n\t\t<\/section>\n\t\t\t\t<section class=\"elementor-section elementor-top-section elementor-element elementor-element-058be1e elementor-section-content-middle elementor-reverse-tablet elementor-section-boxed elementor-section-height-default elementor-section-height-default\" data-id=\"058be1e\" data-element_type=\"section\" data-settings=\"{&quot;background_background&quot;:&quot;classic&quot;}\">\n\t\t\t\t\t\t<div class=\"elementor-container elementor-column-gap-default\">\n\t\t\t\t\t<div class=\"elementor-column elementor-col-50 elementor-top-column elementor-element elementor-element-5c05608 elementor-hidden-phone\" data-id=\"5c05608\" data-element_type=\"column\">\n\t\t\t<div class=\"elementor-widget-wrap elementor-element-populated\">\n\t\t\t\t\t\t\t\t<div class=\"elementor-element elementor-element-b422f1d elementor-widget elementor-widget-image\" data-id=\"b422f1d\" data-element_type=\"widget\" data-widget_type=\"image.default\">\n\t\t\t\t<div class=\"elementor-widget-container\">\n\t\t\t\t\t\t\t\t\t\t\t\t\t\t\t<img width=\"1295\" height=\"1284\" src=\"https:\/\/carfamsas.com\/wp-content\/uploads\/2021\/05\/ambulatoria-general2.png\" class=\"attachment-full size-full\" alt=\"\" loading=\"lazy\" srcset=\"https:\/\/carfamsas.com\/wp-content\/uploads\/2021\/05\/ambulatoria-general2.png 1295w, https:\/\/carfamsas.com\/wp-content\/uploads\/2021\/05\/ambulatoria-general2-300x297.png 300w, https:\/\/carfamsas.com\/wp-content\/uploads\/2021\/05\/ambulatoria-general2-1024x1015.png 1024w, https:\/\/carfamsas.com\/wp-content\/uploads\/2021\/05\/ambulatoria-general2-150x150.png 150w, https:\/\/carfamsas.com\/wp-content\/uploads\/2021\/05\/ambulatoria-general2-768x761.png 768w\" sizes=\"(max-width: 1295px) 100vw, 1295px\" style=\"width:100%;height:99.15%;max-width:1295px;\" \/>\t\t\t\t\t\t\t\t\t\t\t\t\t\t\t<\/div>\n\t\t\t\t<\/div>\n\t\t\t\t\t<\/div>\n\t\t<\/div>\n\t\t\t\t<div class=\"elementor-column elementor-col-50 elementor-top-column elementor-element elementor-element-4f523f4\" data-id=\"4f523f4\" data-element_type=\"column\">\n\t\t\t<div class=\"elementor-widget-wrap elementor-element-populated\">\n\t\t\t\t\t\t\t\t<div class=\"elementor-element elementor-element-731fbd1 elementor-widget elementor-widget-heading\" data-id=\"731fbd1\" data-element_type=\"widget\" data-widget_type=\"heading.default\">\n\t\t\t\t<div class=\"elementor-widget-container\">\n\t\t\t<h2 class=\"elementor-heading-title elementor-size-default\">Consulta Ambulatoria General<\/h2>\t\t<\/div>\n\t\t\t\t<\/div>\n\t\t\t\t<div class=\"elementor-element elementor-element-5b7266c elementor-widget elementor-widget-text-editor\" data-id=\"5b7266c\" data-element_type=\"widget\" data-widget_type=\"text-editor.default\">\n\t\t\t\t<div class=\"elementor-widget-container\">\n\t\t\t\t\t\t\t\t<ul><li>Medicina General.<\/li><li>Psicolog\u00eda.<\/li><li>Nutrici\u00f3n y diet\u00e9tica.<\/li><\/ul>\t\t\t\t\t\t<\/div>\n\t\t\t\t<\/div>\n\t\t\t\t\t<\/div>\n\t\t<\/div>\n\t\t\t\t\t\t\t<\/div>\n\t\t<\/section>\n\t\t\t\t<section class=\"elementor-section elementor-top-section elementor-element elementor-element-36aac48 elementor-section-boxed elementor-section-height-default elementor-section-height-default\" data-id=\"36aac48\" data-element_type=\"section\">\n\t\t\t\t\t\t<div class=\"elementor-container elementor-column-gap-no\">\n\t\t\t\t\t<div class=\"elementor-column elementor-col-100 elementor-top-column elementor-element elementor-element-bbd6a34\" data-id=\"bbd6a34\" data-element_type=\"column\">\n\t\t\t<div class=\"elementor-widget-wrap elementor-element-populated\">\n\t\t\t\t\t\t\t\t<div class=\"elementor-element elementor-element-91ed923 elementor-widget elementor-widget-text-editor\" data-id=\"91ed923\" data-element_type=\"widget\" data-widget_type=\"text-editor.default\">\n\t\t\t\t<div class=\"elementor-widget-container\">\n\t\t\t\t\t\t\t\t<p>Con estos productos y servicios ofrecemos un manejo integral de la enfermedad y un sistema de informaci\u00f3n hecho a la medida que es mejorado d\u00eda a d\u00eda, garantizando la efectividad operativa. Con estos productos y servicios ofrecemos un manejo integral de la enfermedad y un sistema de informaci\u00f3n hecho a la medida que es mejorado d\u00eda a d\u00eda, garantizando la efectividad operativa.<\/p>\t\t\t\t\t\t<\/div>\n\t\t\t\t<\/div>\n\t\t\t\t\t<\/div>\n\t\t<\/div>\n\t\t\t\t\t\t\t<\/div>\n\t\t<\/section>\n\t\t\t\t<section class=\"elementor-section elementor-top-section elementor-element elementor-element-d47ab54 elementor-section-boxed elementor-section-height-default elementor-section-height-default\" data-id=\"d47ab54\" data-element_type=\"section\">\n\t\t\t\t\t\t<div class=\"elementor-container elementor-column-gap-default\">\n\t\t\t\t\t<div class=\"elementor-column elementor-col-100 elementor-top-column elementor-element elementor-element-1e4875e\" data-id=\"1e4875e\" data-element_type=\"column\">\n\t\t\t<div class=\"elementor-widget-wrap elementor-element-populated\">\n\t\t\t\t\t\t\t\t<div class=\"elementor-element elementor-element-3ec7b7e elementor-widget elementor-widget-spacer\" data-id=\"3ec7b7e\" data-element_type=\"widget\" data-widget_type=\"spacer.default\">\n\t\t\t\t<div class=\"elementor-widget-container\">\n\t\t\t\t\t<div class=\"elementor-spacer\">\n\t\t\t<div class=\"elementor-spacer-inner\"><\/div>\n\t\t<\/div>\n\t\t\t\t<\/div>\n\t\t\t\t<\/div>\n\t\t\t\t\t<\/div>\n\t\t<\/div>\n\t\t\t\t\t\t\t<\/div>\n\t\t<\/section>\n\t\t\t\t<section class=\"elementor-section elementor-top-section elementor-element elementor-element-e74ae0f elementor-section-boxed elementor-section-height-default elementor-section-height-default\" data-id=\"e74ae0f\" data-element_type=\"section\" data-settings=\"{&quot;background_background&quot;:&quot;classic&quot;}\">\n\t\t\t\t\t\t<div class=\"elementor-container elementor-column-gap-default\">\n\t\t\t\t\t<div class=\"elementor-column elementor-col-100 elementor-top-column elementor-element elementor-element-1df5ce3\" data-id=\"1df5ce3\" data-element_type=\"column\">\n\t\t\t<div class=\"elementor-widget-wrap elementor-element-populated\">\n\t\t\t\t\t\t\t\t<section class=\"elementor-section elementor-inner-section elementor-element elementor-element-7b90150 elementor-section-boxed elementor-section-height-default elementor-section-height-default\" data-id=\"7b90150\" data-element_type=\"section\">\n\t\t\t\t\t\t<div class=\"elementor-container elementor-column-gap-no\">\n\t\t\t\t\t<div class=\"elementor-column elementor-col-50 elementor-inner-column elementor-element elementor-element-3e075eb\" data-id=\"3e075eb\" data-element_type=\"column\">\n\t\t\t<div class=\"elementor-widget-wrap elementor-element-populated\">\n\t\t\t\t\t\t\t\t<div class=\"elementor-element elementor-element-dc2e2f3 elementor-widget elementor-widget-heading\" data-id=\"dc2e2f3\" data-element_type=\"widget\" data-widget_type=\"heading.default\">\n\t\t\t\t<div class=\"elementor-widget-container\">\n\t\t\t<h3 class=\"elementor-heading-title elementor-size-default\">Agenda tu cita<\/h3>\t\t<\/div>\n\t\t\t\t<\/div>\n\t\t\t\t<div class=\"elementor-element elementor-element-32bcdda elementor-widget elementor-widget-text-editor\" data-id=\"32bcdda\" data-element_type=\"widget\" data-widget_type=\"text-editor.default\">\n\t\t\t\t<div class=\"elementor-widget-container\">\n\t\t\t\t\t\t\t\t<p>Ingresa en nuestro calendario y asigna tu cita.<\/p>\t\t\t\t\t\t<\/div>\n\t\t\t\t<\/div>\n\t\t\t\t<div class=\"elementor-element elementor-element-8ba2f0c elementor-widget elementor-widget-button\" data-id=\"8ba2f0c\" data-element_type=\"widget\" data-widget_type=\"button.default\">\n\t\t\t\t<div class=\"elementor-widget-container\">\n\t\t\t\t\t<div class=\"elementor-button-wrapper\">\n\t\t\t<a href=\"http:\/\/carfam.softwaremedico4.com\/citas_online_interesado\" class=\"elementor-button-link elementor-button elementor-size-md\" role=\"button\">\n\t\t\t\t\t\t<span class=\"elementor-button-content-wrapper\">\n\t\t\t\t\t\t<span class=\"elementor-button-text\">Ir al calendario de citas<\/span>\n\t\t<\/span>\n\t\t\t\t\t<\/a>\n\t\t<\/div>\n\t\t\t\t<\/div>\n\t\t\t\t<\/div>\n\t\t\t\t\t<\/div>\n\t\t<\/div>\n\t\t\t\t<div class=\"elementor-column elementor-col-50 elementor-inner-column elementor-element elementor-element-8bf5f66\" data-id=\"8bf5f66\" data-element_type=\"column\">\n\t\t\t<div class=\"elementor-widget-wrap\">\n\t\t\t\t\t\t\t\t\t<\/div>\n\t\t<\/div>\n\t\t\t\t\t\t\t<\/div>\n\t\t<\/section>\n\t\t\t\t<div class=\"elementor-element elementor-element-b31be36 elementor-widget__width-initial elementor-absolute elementor-hidden-phone elementor-widget-mobile__width-initial elementor-widget elementor-widget-image\" data-id=\"b31be36\" data-element_type=\"widget\" data-settings=\"{&quot;_position&quot;:&quot;absolute&quot;}\" data-widget_type=\"image.default\">\n\t\t\t\t<div class=\"elementor-widget-container\">\n\t\t\t\t\t\t\t\t\t\t\t\t\t\t\t<img width=\"556\" height=\"622\" src=\"https:\/\/carfamsas.com\/wp-content\/uploads\/2021\/05\/foto-mujer-agenda-tu-cita.png\" class=\"attachment-full size-full\" alt=\"\" loading=\"lazy\" srcset=\"https:\/\/carfamsas.com\/wp-content\/uploads\/2021\/05\/foto-mujer-agenda-tu-cita.png 556w, https:\/\/carfamsas.com\/wp-content\/uploads\/2021\/05\/foto-mujer-agenda-tu-cita-268x300.png 268w\" sizes=\"(max-width: 556px) 100vw, 556px\" style=\"width:100%;height:111.87%;max-width:556px;\" \/>\t\t\t\t\t\t\t\t\t\t\t\t\t\t\t<\/div>\n\t\t\t\t<\/div>\n\t\t\t\t\t<\/div>\n\t\t<\/div>\n\t\t\t\t\t\t\t<\/div>\n\t\t<\/section>\n\t\t\t\t\t\t<\/div>\n\t\t\t\t\t<\/div>\n\t\t","protected":false},"excerpt":{"rendered":"<p>Nuestros Servicios CARFAM S.A.S ATENCI\u00d3N PROFESIONAL HUMANIZADA Consulta Externa Es el servicio que congrega la atenci\u00f3n ambulatoria de todas las especialidades ofertadas, para formular diagn\u00f3sticos y\/o tratamientos. Contamos con una infraestructura calificada, dotada de c\u00f3modas instalaciones y consultorios debidamente equipados para prestar consulta en las especialidades cl\u00ednicas referenciadas y garantizar al usuario una atenci\u00f3n integral&hellip; <a class=\"more-link\" href=\"https:\/\/carfamsas.com\/index.php\/elementor-1106\/\">Seguir leyendo <span class=\"screen-reader-text\">Consulta externa<\/span><\/a><\/p>\n","protected":false},"author":1,"featured_media":0,"parent":0,"menu_order":0,"comment_status":"closed","ping_status":"closed","template":"elementor_header_footer","meta":[],"_links":{"self":[{"href":"https:\/\/carfamsas.com\/index.php\/wp-json\/wp\/v2\/pages\/1106"}],"collection":[{"href":"https:\/\/carfamsas.com\/index.php\/wp-json\/wp\/v2\/pages"}],"about":[{"href":"https:\/\/carfamsas.com\/index.php\/wp-json\/wp\/v2\/types\/page"}],"author":[{"embeddable":true,"href":"https:\/\/carfamsas.com\/index.php\/wp-json\/wp\/v2\/users\/1"}],"replies":[{"embeddable":true,"href":"https:\/\/carfamsas.com\/index.php\/wp-json\/wp\/v2\/comments?post=1106"}],"version-history":[{"count":53,"href":"https:\/\/carfamsas.com\/index.php\/wp-json\/wp\/v2\/pages\/1106\/revisions"}],"predecessor-version":[{"id":1346,"href":"https:\/\/carfamsas.com\/index.php\/wp-json\/wp\/v2\/pages\/1106\/revisions\/1346"}],"wp:attachment":[{"href":"https:\/\/carfamsas.com\/index.php\/wp-json\/wp\/v2\/media?parent=1106"}],"curies":[{"name":"wp","href":"https:\/\/api.w.org\/{rel}","templated":true}]}}